{"id":1073,"date":"2021-06-22T11:18:46","date_gmt":"2021-06-22T09:18:46","guid":{"rendered":"https:\/\/www.personasdiscapacidad.es\/?page_id=1073"},"modified":"2024-07-09T15:29:14","modified_gmt":"2024-07-09T13:29:14","slug":"master-sistema-de-calidad","status":"publish","type":"page","link":"https:\/\/www.personasdiscapacidad.es\/es\/master-sistema-de-calidad\/","title":{"rendered":"Sistema de calidad"},"content":{"rendered":"[et_pb_section fb_built=\u00bb1&#8243; admin_label=\u00bbCourses Hero\u00bb _builder_version=\u00bb4.16&#8243; background_enable_color=\u00bboff\u00bb background_image=\u00bbhttps:\/\/www.personasdiscapacidad.es\/wp-content\/uploads\/2021\/06\/intro.svg\u00bb background_size=\u00bbcontain\u00bb background_position=\u00bbcenter_left\u00bb custom_padding=\u00bb34px|0px|113px|0px|false|false\u00bb animation_style=\u00bbslide\u00bb animation_direction=\u00bbtop\u00bb animation_intensity_slide=\u00bb2%\u00bb locked=\u00bboff\u00bb collapsed=\u00bbon\u00bb global_colors_info=\u00bb{}\u00bb][et_pb_row _builder_version=\u00bb4.16&#8243; background_size=\u00bbinitial\u00bb background_position=\u00bbtop_left\u00bb background_repeat=\u00bbrepeat\u00bb module_alignment=\u00bbleft\u00bb custom_margin=\u00bb|||\u00bb custom_width_px=\u00bb1280px\u00bb global_colors_info=\u00bb{}\u00bb][et_pb_column type=\u00bb4_4&#8243; _builder_version=\u00bb4.16&#8243; custom_padding=\u00bb|||\u00bb global_colors_info=\u00bb{}\u00bb custom_padding__hover=\u00bb|||\u00bb][et_pb_text _builder_version=\u00bb4.16&#8243; header_font=\u00bb|on|||\u00bb header_text_align=\u00bbleft\u00bb header_text_color=\u00bb#5cc2d6&#8243; header_font_size=\u00bb42px\u00bb header_line_height=\u00bb1.3em\u00bb background_size=\u00bbinitial\u00bb background_position=\u00bbtop_left\u00bb background_repeat=\u00bbrepeat\u00bb text_orientation=\u00bbcenter\u00bb background_layout=\u00bbdark\u00bb max_width=\u00bb530px\u00bb module_alignment=\u00bbcenter\u00bb custom_padding=\u00bb|||\u00bb header_font_size_tablet=\u00bb\u00bb header_font_size_phone=\u00bb\u00bb header_font_size_last_edited=\u00bbon|desktop\u00bb locked=\u00bboff\u00bb global_colors_info=\u00bb{}\u00bb]\n<h1>Becas<\/h1>\n[\/et_pb_text][\/et_pb_column][\/et_pb_row][\/et_pb_section][et_pb_section fb_built=\u00bb1&#8243; admin_label=\u00bbAltres informacions del Master\u00bb _builder_version=\u00bb4.16&#8243; background_image=\u00bbhttps:\/\/www.personasdiscapacidad.es\/wp-content\/uploads\/2021\/06\/fil.svg\u00bb background_size=\u00bbcontain\u00bb custom_padding=\u00bb0px|0px|100px|0px\u00bb collapsed=\u00bboff\u00bb global_colors_info=\u00bb{}\u00bb][et_pb_row column_structure=\u00bb3_5,2_5&#8243; _builder_version=\u00bb4.16&#8243; background_size=\u00bbinitial\u00bb background_position=\u00bbtop_left\u00bb background_repeat=\u00bbrepeat\u00bb custom_margin=\u00bb50px||||false|false\u00bb custom_padding=\u00bb0px|0px|27px|0px\u00bb collapsed=\u00bboff\u00bb global_colors_info=\u00bb{}\u00bb][et_pb_column type=\u00bb3_5&#8243; _builder_version=\u00bb4.16&#8243; custom_padding=\u00bb|||\u00bb global_colors_info=\u00bb{}\u00bb custom_padding__hover=\u00bb|||\u00bb][et_pb_blurb title=\u00bbBecas y ayudas\u00bb url=\u00bb#\u00bb use_icon=\u00bbon\u00bb content_max_width=\u00bb1100px\u00bb _builder_version=\u00bb4.25.1&#8243; header_font=\u00bb|on|||\u00bb header_text_color=\u00bb#2e2545&#8243; header_line_height=\u00bb1.5em\u00bb body_text_color=\u00bb#424242&#8243; body_font_size=\u00bb16px\u00bb body_line_height=\u00bb1.5em\u00bb background_color=\u00bb#ffffff\u00bb background_size=\u00bbinitial\u00bb background_position=\u00bbtop_left\u00bb background_repeat=\u00bbrepeat\u00bb custom_margin=\u00bb-80px||10%||false|false\u00bb custom_padding=\u00bb30px|20px|30px|20px|false|false\u00bb animation_style=\u00bbzoom\u00bb animation_direction=\u00bbbottom\u00bb animation_intensity_zoom=\u00bb20%\u00bb animation_starting_opacity=\u00bb100%\u00bb hover_enabled=\u00bb0&#8243; box_shadow_style=\u00bbpreset2&#8243; box_shadow_horizontal=\u00bb0px\u00bb box_shadow_vertical=\u00bb0px\u00bb box_shadow_blur=\u00bb60px\u00bb box_shadow_color=\u00bbrgba(71,74,182,0.12)\u00bb locked=\u00bboff\u00bb global_colors_info=\u00bb{}\u00bb sticky_enabled=\u00bb0&#8243;]\n<p>La comisio\u0301n de direccio\u0301n del postgrado en colaboracio\u0301n con la <strong>Fundaci\u00f3n AGBAR<\/strong>, <strong>Fundaci\u00f3n ONCE, Fundaci\u00f3n \u00abLa Caixa\u00bb, Randstad Fundaci\u00f3n y Fundaci\u00f3n DKV-Integralia<\/strong>\u00a0ha constituido un fondo econo\u0301mico para conceder becas de hasta el 90% del importe de la matri\u0301cula.<\/p>\n<p>Personas beneficiarias y requisitos:<br \/>Podra\u0301n solicitar las becas contempladas en el postgrado, todos los\/as estudiantes que realicen la preinscripcio\u0301n previa y formalicen la matricula, que acrediten una discapacidad reconocida igual o superior al 33% y que aporten la documentacio\u0301n indicada. En todo caso el otorgamiento de la beca estara\u0301 condicionado a que la matri\u0301cula sea efectiva en el curso de referencia<\/p>\n<p>Evaluacio\u0301n de la documentacio\u0301n presentada y valoracio\u0301n de las solicitudes:<\/p>\n<p>\u2022 Discapacidad acreditada, tipo y grado<br \/>\u2022 Expediente acade\u0301mico<br \/>\u2022 Curri\u0301culum y carta de motivacio\u0301n<\/p>\n<p>La comisio\u0301n de coordinacio\u0301n podra\u0301 requerir a las personas solicitantes informacio\u0301n complementaria, si resulta imprescindible para resolver la solicitud. Dicha comisio\u0301n garantizara\u0301 en la adjudicacio\u0301n de las becas, un equilibrio entre los sexos, para promover la igualdad entre hombres y mujeres en la formacio\u0301n universitaria aplicando para ello, si fuera necesario, criterios de accio\u0301n positiva.<\/p>\n<p>Presentacio\u0301nn de solicitudes:<br \/>La solicitud se tendra\u0301 que rellenar por via telema\u0301tica, pre\u0301via autentificacio\u0301n, a trave\u0301s de la sede electro\u0301nica de la Universidad de Barcelona (https:\/\/seu.ub.edu).<br \/>La convocatoria de becas, la solicitud oficial y la posterior resolucio\u0301n sera\u0301 publicitada a trave\u0301s de los medios oficiales de la Universidad.<\/p>\n[\/et_pb_blurb][\/et_pb_column][et_pb_column type=\u00bb2_5&#8243; _builder_version=\u00bb4.16&#8243; custom_padding=\u00bb|||\u00bb global_colors_info=\u00bb{}\u00bb custom_padding__hover=\u00bb|||\u00bb][et_pb_image src=\u00bbhttps:\/\/www.personasdiscapacidad.es\/wp-content\/uploads\/2021\/07\/alexis-brown-omeaHbEFlN4-unsplash-scaled.jpg\u00bb title_text=\u00bbalexis-brown-omeaHbEFlN4-unsplash\u00bb _builder_version=\u00bb4.16&#8243; _module_preset=\u00bbdefault\u00bb global_colors_info=\u00bb{}\u00bb][\/et_pb_image][\/et_pb_column][\/et_pb_row][\/et_pb_section][et_pb_section fb_built=\u00bb1&#8243; admin_label=\u00bbFooter\u00bb module_class=\u00bbfooter-bkg\u00bb _builder_version=\u00bb4.7.4&#8243; background_color=\u00bb#00aaaa\u00bb background_enable_color=\u00bboff\u00bb background_image=\u00bbhttps:\/\/www.personasdiscapacidad.es\/wp-content\/uploads\/2021\/06\/fons-footer.svg\u00bb background_size=\u00bbcontain\u00bb background_position=\u00bbbottom_center\u00bb custom_padding=\u00bb170px|0px|60px|0px|false|false\u00bb animation_style=\u00bbzoom\u00bb animation_direction=\u00bbbottom\u00bb animation_intensity_zoom=\u00bb6%\u00bb animation_starting_opacity=\u00bb100%\u00bb global_module=\u00bb593&#8243; saved_tabs=\u00bball\u00bb locked=\u00bboff\u00bb collapsed=\u00bboff\u00bb global_colors_info=\u00bb{}\u00bb][\/et_pb_section]\n","protected":false},"excerpt":{"rendered":"<p>BecasLa comisio\u0301n de direccio\u0301n del postgrado en colaboracio\u0301n con la Fundaci\u00f3n AGBAR, Fundaci\u00f3n ONCE, Fundaci\u00f3n \u00abLa Caixa\u00bb, Randstad Fundaci\u00f3n y Fundaci\u00f3n DKV-Integralia\u00a0ha constituido un fondo econo\u0301mico para conceder becas de [&hellip;]<\/p>\n","protected":false},"author":1,"featured_media":0,"parent":0,"menu_order":0,"comment_status":"closed","ping_status":"closed","template":"","meta":{"_et_pb_use_builder":"on","_et_pb_old_content":"","_et_gb_content_width":"","inline_featured_image":false,"footnotes":""},"yoast_head":"<!-- This site is optimized with the Yoast SEO plugin v22.8 - https:\/\/yoast.com\/wordpress\/plugins\/seo\/ -->\n<title>Sistema de calidad - Postgrado Personas con Discapacidad<\/title>\n<meta name=\"robots\" content=\"index, follow, max-snippet:-1, max-image-preview:large, max-video-preview:-1\" \/>\n<link rel=\"canonical\" href=\"https:\/\/www.personasdiscapacidad.es\/es\/master-sistema-de-calidad\/\" \/>\n<meta property=\"og:locale\" content=\"es_ES\" \/>\n<meta property=\"og:type\" content=\"article\" \/>\n<meta property=\"og:title\" content=\"Sistema de calidad - Postgrado Personas con Discapacidad\" \/>\n<meta property=\"og:description\" content=\"BecasLa comisio\u0301n de direccio\u0301n del postgrado en colaboracio\u0301n con la Fundaci\u00f3n AGBAR, Fundaci\u00f3n ONCE, Fundaci\u00f3n &quot;La Caixa&quot;, Randstad Fundaci\u00f3n y Fundaci\u00f3n DKV-Integralia\u00a0ha constituido un fondo econo\u0301mico para conceder becas de [&hellip;]\" \/>\n<meta property=\"og:url\" content=\"https:\/\/www.personasdiscapacidad.es\/es\/master-sistema-de-calidad\/\" \/>\n<meta property=\"og:site_name\" content=\"Postgrado Personas con Discapacidad\" \/>\n<meta property=\"article:modified_time\" content=\"2024-07-09T13:29:14+00:00\" \/>\n<meta name=\"twitter:card\" content=\"summary_large_image\" \/>\n<meta name=\"twitter:label1\" content=\"Tiempo de lectura\" \/>\n\t<meta name=\"twitter:data1\" content=\"2 minutos\" \/>\n<script type=\"application\/ld+json\" class=\"yoast-schema-graph\">{\"@context\":\"https:\/\/schema.org\",\"@graph\":[{\"@type\":\"WebPage\",\"@id\":\"https:\/\/www.personasdiscapacidad.es\/es\/master-sistema-de-calidad\/\",\"url\":\"https:\/\/www.personasdiscapacidad.es\/es\/master-sistema-de-calidad\/\",\"name\":\"Sistema de calidad - Postgrado Personas con Discapacidad\",\"isPartOf\":{\"@id\":\"https:\/\/www.personasdiscapacidad.es\/es\/#website\"},\"datePublished\":\"2021-06-22T09:18:46+00:00\",\"dateModified\":\"2024-07-09T13:29:14+00:00\",\"breadcrumb\":{\"@id\":\"https:\/\/www.personasdiscapacidad.es\/es\/master-sistema-de-calidad\/#breadcrumb\"},\"inLanguage\":\"es\",\"potentialAction\":[{\"@type\":\"ReadAction\",\"target\":[\"https:\/\/www.personasdiscapacidad.es\/es\/master-sistema-de-calidad\/\"]}]},{\"@type\":\"BreadcrumbList\",\"@id\":\"https:\/\/www.personasdiscapacidad.es\/es\/master-sistema-de-calidad\/#breadcrumb\",\"itemListElement\":[{\"@type\":\"ListItem\",\"position\":1,\"name\":\"Portada\",\"item\":\"https:\/\/www.personasdiscapacidad.es\/es\/\"},{\"@type\":\"ListItem\",\"position\":2,\"name\":\"Sistema de calidad\"}]},{\"@type\":\"WebSite\",\"@id\":\"https:\/\/www.personasdiscapacidad.es\/es\/#website\",\"url\":\"https:\/\/www.personasdiscapacidad.es\/es\/\",\"name\":\"Postgrado Personas con Discapacidad\",\"description\":\"Derechos sociales y cultura de las discapacidades\",\"potentialAction\":[{\"@type\":\"SearchAction\",\"target\":{\"@type\":\"EntryPoint\",\"urlTemplate\":\"https:\/\/www.personasdiscapacidad.es\/es\/?s={search_term_string}\"},\"query-input\":\"required name=search_term_string\"}],\"inLanguage\":\"es\"}]}<\/script>\n<!-- \/ Yoast SEO plugin. -->","yoast_head_json":{"title":"Sistema de calidad - Postgrado Personas con Discapacidad","robots":{"index":"index","follow":"follow","max-snippet":"max-snippet:-1","max-image-preview":"max-image-preview:large","max-video-preview":"max-video-preview:-1"},"canonical":"https:\/\/www.personasdiscapacidad.es\/es\/master-sistema-de-calidad\/","og_locale":"es_ES","og_type":"article","og_title":"Sistema de calidad - Postgrado Personas con Discapacidad","og_description":"BecasLa comisio\u0301n de direccio\u0301n del postgrado en colaboracio\u0301n con la Fundaci\u00f3n AGBAR, Fundaci\u00f3n ONCE, Fundaci\u00f3n \"La Caixa\", Randstad Fundaci\u00f3n y Fundaci\u00f3n DKV-Integralia\u00a0ha constituido un fondo econo\u0301mico para conceder becas de [&hellip;]","og_url":"https:\/\/www.personasdiscapacidad.es\/es\/master-sistema-de-calidad\/","og_site_name":"Postgrado Personas con Discapacidad","article_modified_time":"2024-07-09T13:29:14+00:00","twitter_card":"summary_large_image","twitter_misc":{"Tiempo de lectura":"2 minutos"},"schema":{"@context":"https:\/\/schema.org","@graph":[{"@type":"WebPage","@id":"https:\/\/www.personasdiscapacidad.es\/es\/master-sistema-de-calidad\/","url":"https:\/\/www.personasdiscapacidad.es\/es\/master-sistema-de-calidad\/","name":"Sistema de calidad - Postgrado Personas con Discapacidad","isPartOf":{"@id":"https:\/\/www.personasdiscapacidad.es\/es\/#website"},"datePublished":"2021-06-22T09:18:46+00:00","dateModified":"2024-07-09T13:29:14+00:00","breadcrumb":{"@id":"https:\/\/www.personasdiscapacidad.es\/es\/master-sistema-de-calidad\/#breadcrumb"},"inLanguage":"es","potentialAction":[{"@type":"ReadAction","target":["https:\/\/www.personasdiscapacidad.es\/es\/master-sistema-de-calidad\/"]}]},{"@type":"BreadcrumbList","@id":"https:\/\/www.personasdiscapacidad.es\/es\/master-sistema-de-calidad\/#breadcrumb","itemListElement":[{"@type":"ListItem","position":1,"name":"Portada","item":"https:\/\/www.personasdiscapacidad.es\/es\/"},{"@type":"ListItem","position":2,"name":"Sistema de calidad"}]},{"@type":"WebSite","@id":"https:\/\/www.personasdiscapacidad.es\/es\/#website","url":"https:\/\/www.personasdiscapacidad.es\/es\/","name":"Postgrado Personas con Discapacidad","description":"Derechos sociales y cultura de las discapacidades","potentialAction":[{"@type":"SearchAction","target":{"@type":"EntryPoint","urlTemplate":"https:\/\/www.personasdiscapacidad.es\/es\/?s={search_term_string}"},"query-input":"required name=search_term_string"}],"inLanguage":"es"}]}},"_links":{"self":[{"href":"https:\/\/www.personasdiscapacidad.es\/es\/wp-json\/wp\/v2\/pages\/1073"}],"collection":[{"href":"https:\/\/www.personasdiscapacidad.es\/es\/wp-json\/wp\/v2\/pages"}],"about":[{"href":"https:\/\/www.personasdiscapacidad.es\/es\/wp-json\/wp\/v2\/types\/page"}],"author":[{"embeddable":true,"href":"https:\/\/www.personasdiscapacidad.es\/es\/wp-json\/wp\/v2\/users\/1"}],"replies":[{"embeddable":true,"href":"https:\/\/www.personasdiscapacidad.es\/es\/wp-json\/wp\/v2\/comments?post=1073"}],"version-history":[{"count":13,"href":"https:\/\/www.personasdiscapacidad.es\/es\/wp-json\/wp\/v2\/pages\/1073\/revisions"}],"predecessor-version":[{"id":2011,"href":"https:\/\/www.personasdiscapacidad.es\/es\/wp-json\/wp\/v2\/pages\/1073\/revisions\/2011"}],"wp:attachment":[{"href":"https:\/\/www.personasdiscapacidad.es\/es\/wp-json\/wp\/v2\/media?parent=1073"}],"curies":[{"name":"wp","href":"https:\/\/api.w.org\/{rel}","templated":true}]}}