{"id":2234,"date":"2026-01-12T10:30:55","date_gmt":"2026-01-12T09:30:55","guid":{"rendered":"https:\/\/www.personasdiscapacidad.es\/publicaciones\/"},"modified":"2026-01-12T10:31:20","modified_gmt":"2026-01-12T09:31:20","slug":"publicaciones","status":"publish","type":"page","link":"https:\/\/www.personasdiscapacidad.es\/es\/publicaciones\/","title":{"rendered":"Publicaciones"},"content":{"rendered":"[et_pb_section fb_built=\u00bb1&#8243; admin_label=\u00bbCourses Hero\u00bb _builder_version=\u00bb4.16&#8243; background_enable_color=\u00bboff\u00bb background_image=\u00bbhttps:\/\/www.personasdiscapacidad.es\/wp-content\/uploads\/2021\/06\/intro.svg\u00bb background_size=\u00bbcontain\u00bb background_position=\u00bbcenter_left\u00bb custom_padding=\u00bb70px|0px|130px|0px|false|false\u00bb animation_style=\u00bbslide\u00bb animation_direction=\u00bbtop\u00bb animation_intensity_slide=\u00bb2%\u00bb locked=\u00bboff\u00bb collapsed=\u00bboff\u00bb global_colors_info=\u00bb{}\u00bb][et_pb_row _builder_version=\u00bb4.16&#8243; background_size=\u00bbinitial\u00bb background_position=\u00bbtop_left\u00bb background_repeat=\u00bbrepeat\u00bb module_alignment=\u00bbleft\u00bb custom_margin=\u00bb|||\u00bb custom_width_px=\u00bb1280px\u00bb global_colors_info=\u00bb{}\u00bb][et_pb_column type=\u00bb4_4&#8243; _builder_version=\u00bb4.16&#8243; custom_padding=\u00bb|||\u00bb global_colors_info=\u00bb{}\u00bb custom_padding__hover=\u00bb|||\u00bb][et_pb_text _builder_version=\u00bb4.27.5&#8243; text_text_color=\u00bb#5cc2d6&#8243; header_font=\u00bb|on|||\u00bb header_text_color=\u00bb#5cc2d6&#8243; header_font_size=\u00bb42px\u00bb header_line_height=\u00bb1.3em\u00bb background_size=\u00bbinitial\u00bb background_position=\u00bbtop_left\u00bb background_repeat=\u00bbrepeat\u00bb text_orientation=\u00bbcenter\u00bb background_layout=\u00bbdark\u00bb max_width=\u00bb530px\u00bb module_alignment=\u00bbcenter\u00bb custom_padding=\u00bb|||\u00bb hover_enabled=\u00bb0&#8243; header_font_size_tablet=\u00bb\u00bb header_font_size_phone=\u00bb\u00bb header_font_size_last_edited=\u00bbon|desktop\u00bb locked=\u00bboff\u00bb global_colors_info=\u00bb{}\u00bb sticky_enabled=\u00bb0&#8243;]\n<h1 style=\"text-align: left;\">Publicaciones<\/h1>\n[\/et_pb_text][\/et_pb_column][\/et_pb_row][\/et_pb_section][et_pb_section fb_built=\u00bb1&#8243; _builder_version=\u00bb4.16&#8243; _module_preset=\u00bbdefault\u00bb collapsed=\u00bbon\u00bb global_colors_info=\u00bb{}\u00bb locked=\u00bboff\u00bb][et_pb_row column_structure=\u00bb2_5,3_5&#8243; _builder_version=\u00bb4.16&#8243; _module_preset=\u00bbdefault\u00bb global_colors_info=\u00bb{}\u00bb][et_pb_column type=\u00bb2_5&#8243; _builder_version=\u00bb4.16&#8243; _module_preset=\u00bbdefault\u00bb global_colors_info=\u00bb{}\u00bb][et_pb_image src=\u00bbhttps:\/\/www.personasdiscapacidad.es\/wp-content\/uploads\/2021\/06\/Cobert_Personas-con-dicapacidad-1160&#215;1743-1.jpg\u00bb title_text=\u00bbPersonas con discapacidad &#8211; portada\u00bb align=\u00bbcenter\u00bb _builder_version=\u00bb4.16&#8243; _module_preset=\u00bbdefault\u00bb module_alignment=\u00bbright\u00bb max_height=\u00bb403px\u00bb box_shadow_style=\u00bbpreset1&#8243; global_colors_info=\u00bb{}\u00bb][\/et_pb_image][\/et_pb_column][et_pb_column type=\u00bb3_5&#8243; _builder_version=\u00bb4.16&#8243; _module_preset=\u00bbdefault\u00bb global_colors_info=\u00bb{}\u00bb][et_pb_text _builder_version=\u00bb4.16&#8243; _module_preset=\u00bbdefault\u00bb header_2_font=\u00bbMuseo 700||||||||\u00bb header_2_font_size=\u00bb32px\u00bb global_colors_info=\u00bb{}\u00bb]\n<h2>Personas con discapacidad:<br \/>Derechos sociales y cultura<br \/>de las capacidades<\/h2>\n<h3>ISBN: 978-84-120797-5-3<\/h3>\n<p>M. Pilar D\u00edaz L\u00f3pez, Agust\u00edn Huete Garc\u00eda<br \/>y Eduardo D\u00edaz Vel\u00e1zquez (Coords.)<\/p>\n<p> <span style=\"font-size: 14px;\">En el marco de los estudios de trabajo social de la Universidad de Barcelona en el curso 2019-2020, se puso en marcha la primera edici\u00f3n del postgrado Personas con discapacidad: derechos sociales y cultura de las capacidades. A partir de dicho curso emerge este libro que compila los principales contenidos impartidos siendo \u00e9stos especialmente innovadores.<\/span><\/p>\n<p>Es un libro riguroso, una herramienta especialmente \u00fatil y valiosa para el alumnado del postgrado, de \u00e9sta y de otras ediciones, ya que se plasman los contenidos del curso de manera clara y did\u00e1ctica. Sin embargo, tambi\u00e9n puede ser de inter\u00e9s para profesionales de diferentes \u00e1mbitos, personas encargadas de la gesti\u00f3n de entidades, profesorado y p\u00fablico en general.<\/p>\n<p>Anhelamos que el libro sea transformador o en todo caso que ayude a empoderar a las personas con discapacidad y a seguir luchando, por los derechos sociales, para poder progresar individualmente y como sociedad. Tambi\u00e9n nos gustar\u00eda que la lectura del mismo nos acerque a la posibilidad de mejorar la pr\u00e1ctica cotidiana, que \u00e9sta dialogue y discuta sobre la realidad actual, sobre las pol\u00edticas sociales, sobre la igualdad de oportunidades.<\/p>\n[\/et_pb_text][et_pb_button button_url=\u00bbhttps:\/\/www.edicionssaragossa.cat\/llibre\/personas-con-discapacidad-derechos-sociales-y-cultura-de-las-capacidades\/\u00bb url_new_window=\u00bbon\u00bb button_text=\u00bbComprar\u00bb _builder_version=\u00bb4.16&#8243; _module_preset=\u00bbdefault\u00bb custom_button=\u00bbon\u00bb global_colors_info=\u00bb{}\u00bb][\/et_pb_button][\/et_pb_column][\/et_pb_row][\/et_pb_section][et_pb_section fb_built=\u00bb1&#8243; theme_builder_area=\u00bbpost_content\u00bb _builder_version=\u00bb4.27.5&#8243; _module_preset=\u00bbdefault\u00bb][\/et_pb_section][et_pb_section fb_built=\u00bb1&#8243; admin_label=\u00bbFooter\u00bb module_class=\u00bbfooter-bkg\u00bb _builder_version=\u00bb4.16&#8243; background_color=\u00bb#00aaaa\u00bb background_enable_color=\u00bboff\u00bb background_image=\u00bbhttps:\/\/www.personasdiscapacidad.es\/wp-content\/uploads\/2021\/06\/fons-footer.svg\u00bb background_size=\u00bbcontain\u00bb background_position=\u00bbbottom_center\u00bb custom_padding=\u00bb170px|0px|60px|0px|false|false\u00bb animation_style=\u00bbzoom\u00bb animation_direction=\u00bbbottom\u00bb animation_intensity_zoom=\u00bb6%\u00bb animation_starting_opacity=\u00bb100%\u00bb saved_tabs=\u00bball\u00bb locked=\u00bboff\u00bb collapsed=\u00bbon\u00bb global_colors_info=\u00bb{}\u00bb][\/et_pb_section]\n","protected":false},"excerpt":{"rendered":"<p>PublicacionesPersonas con discapacidad:Derechos sociales y culturade las capacidades ISBN: 978-84-120797-5-3 M. Pilar D\u00edaz L\u00f3pez, Agust\u00edn Huete Garc\u00eday Eduardo D\u00edaz Vel\u00e1zquez (Coords.) En el marco de los estudios de trabajo social [&hellip;]<\/p>\n","protected":false},"author":1,"featured_media":0,"parent":0,"menu_order":0,"comment_status":"closed","ping_status":"closed","template":"","meta":{"_et_pb_use_builder":"on","_et_pb_old_content":"","_et_gb_content_width":"","inline_featured_image":false,"footnotes":""},"yoast_head":"<!-- This site is optimized with the Yoast SEO plugin v22.8 - https:\/\/yoast.com\/wordpress\/plugins\/seo\/ -->\n<title>Publicaciones - Postgrado Personas con Discapacidad<\/title>\n<meta name=\"robots\" content=\"index, follow, max-snippet:-1, max-image-preview:large, max-video-preview:-1\" \/>\n<link rel=\"canonical\" href=\"https:\/\/www.personasdiscapacidad.es\/es\/publicaciones\/\" \/>\n<meta property=\"og:locale\" content=\"es_ES\" \/>\n<meta property=\"og:type\" content=\"article\" \/>\n<meta property=\"og:title\" content=\"Publicaciones - Postgrado Personas con Discapacidad\" \/>\n<meta property=\"og:description\" content=\"PublicacionesPersonas con discapacidad:Derechos sociales y culturade las capacidades ISBN: 978-84-120797-5-3 M. Pilar D\u00edaz L\u00f3pez, Agust\u00edn Huete Garc\u00eday Eduardo D\u00edaz Vel\u00e1zquez (Coords.) En el marco de los estudios de trabajo social [&hellip;]\" \/>\n<meta property=\"og:url\" content=\"https:\/\/www.personasdiscapacidad.es\/es\/publicaciones\/\" \/>\n<meta property=\"og:site_name\" content=\"Postgrado Personas con Discapacidad\" \/>\n<meta property=\"article:modified_time\" content=\"2026-01-12T09:31:20+00:00\" \/>\n<meta name=\"twitter:card\" content=\"summary_large_image\" \/>\n<meta name=\"twitter:label1\" content=\"Tiempo de lectura\" \/>\n\t<meta name=\"twitter:data1\" content=\"3 minutos\" \/>\n<script type=\"application\/ld+json\" class=\"yoast-schema-graph\">{\"@context\":\"https:\/\/schema.org\",\"@graph\":[{\"@type\":\"WebPage\",\"@id\":\"https:\/\/www.personasdiscapacidad.es\/es\/publicaciones\/\",\"url\":\"https:\/\/www.personasdiscapacidad.es\/es\/publicaciones\/\",\"name\":\"Publicaciones - Postgrado Personas con Discapacidad\",\"isPartOf\":{\"@id\":\"https:\/\/www.personasdiscapacidad.es\/es\/#website\"},\"datePublished\":\"2026-01-12T09:30:55+00:00\",\"dateModified\":\"2026-01-12T09:31:20+00:00\",\"breadcrumb\":{\"@id\":\"https:\/\/www.personasdiscapacidad.es\/es\/publicaciones\/#breadcrumb\"},\"inLanguage\":\"es\",\"potentialAction\":[{\"@type\":\"ReadAction\",\"target\":[\"https:\/\/www.personasdiscapacidad.es\/es\/publicaciones\/\"]}]},{\"@type\":\"BreadcrumbList\",\"@id\":\"https:\/\/www.personasdiscapacidad.es\/es\/publicaciones\/#breadcrumb\",\"itemListElement\":[{\"@type\":\"ListItem\",\"position\":1,\"name\":\"Portada\",\"item\":\"https:\/\/www.personasdiscapacidad.es\/es\/\"},{\"@type\":\"ListItem\",\"position\":2,\"name\":\"Publicaciones\"}]},{\"@type\":\"WebSite\",\"@id\":\"https:\/\/www.personasdiscapacidad.es\/es\/#website\",\"url\":\"https:\/\/www.personasdiscapacidad.es\/es\/\",\"name\":\"Postgrado Personas con Discapacidad\",\"description\":\"Derechos sociales y cultura de las discapacidades\",\"potentialAction\":[{\"@type\":\"SearchAction\",\"target\":{\"@type\":\"EntryPoint\",\"urlTemplate\":\"https:\/\/www.personasdiscapacidad.es\/es\/?s={search_term_string}\"},\"query-input\":\"required name=search_term_string\"}],\"inLanguage\":\"es\"}]}<\/script>\n<!-- \/ Yoast SEO plugin. -->","yoast_head_json":{"title":"Publicaciones - Postgrado Personas con Discapacidad","robots":{"index":"index","follow":"follow","max-snippet":"max-snippet:-1","max-image-preview":"max-image-preview:large","max-video-preview":"max-video-preview:-1"},"canonical":"https:\/\/www.personasdiscapacidad.es\/es\/publicaciones\/","og_locale":"es_ES","og_type":"article","og_title":"Publicaciones - Postgrado Personas con Discapacidad","og_description":"PublicacionesPersonas con discapacidad:Derechos sociales y culturade las capacidades ISBN: 978-84-120797-5-3 M. Pilar D\u00edaz L\u00f3pez, Agust\u00edn Huete Garc\u00eday Eduardo D\u00edaz Vel\u00e1zquez (Coords.) En el marco de los estudios de trabajo social [&hellip;]","og_url":"https:\/\/www.personasdiscapacidad.es\/es\/publicaciones\/","og_site_name":"Postgrado Personas con Discapacidad","article_modified_time":"2026-01-12T09:31:20+00:00","twitter_card":"summary_large_image","twitter_misc":{"Tiempo de lectura":"3 minutos"},"schema":{"@context":"https:\/\/schema.org","@graph":[{"@type":"WebPage","@id":"https:\/\/www.personasdiscapacidad.es\/es\/publicaciones\/","url":"https:\/\/www.personasdiscapacidad.es\/es\/publicaciones\/","name":"Publicaciones - Postgrado Personas con Discapacidad","isPartOf":{"@id":"https:\/\/www.personasdiscapacidad.es\/es\/#website"},"datePublished":"2026-01-12T09:30:55+00:00","dateModified":"2026-01-12T09:31:20+00:00","breadcrumb":{"@id":"https:\/\/www.personasdiscapacidad.es\/es\/publicaciones\/#breadcrumb"},"inLanguage":"es","potentialAction":[{"@type":"ReadAction","target":["https:\/\/www.personasdiscapacidad.es\/es\/publicaciones\/"]}]},{"@type":"BreadcrumbList","@id":"https:\/\/www.personasdiscapacidad.es\/es\/publicaciones\/#breadcrumb","itemListElement":[{"@type":"ListItem","position":1,"name":"Portada","item":"https:\/\/www.personasdiscapacidad.es\/es\/"},{"@type":"ListItem","position":2,"name":"Publicaciones"}]},{"@type":"WebSite","@id":"https:\/\/www.personasdiscapacidad.es\/es\/#website","url":"https:\/\/www.personasdiscapacidad.es\/es\/","name":"Postgrado Personas con Discapacidad","description":"Derechos sociales y cultura de las discapacidades","potentialAction":[{"@type":"SearchAction","target":{"@type":"EntryPoint","urlTemplate":"https:\/\/www.personasdiscapacidad.es\/es\/?s={search_term_string}"},"query-input":"required name=search_term_string"}],"inLanguage":"es"}]}},"_links":{"self":[{"href":"https:\/\/www.personasdiscapacidad.es\/es\/wp-json\/wp\/v2\/pages\/2234"}],"collection":[{"href":"https:\/\/www.personasdiscapacidad.es\/es\/wp-json\/wp\/v2\/pages"}],"about":[{"href":"https:\/\/www.personasdiscapacidad.es\/es\/wp-json\/wp\/v2\/types\/page"}],"author":[{"embeddable":true,"href":"https:\/\/www.personasdiscapacidad.es\/es\/wp-json\/wp\/v2\/users\/1"}],"replies":[{"embeddable":true,"href":"https:\/\/www.personasdiscapacidad.es\/es\/wp-json\/wp\/v2\/comments?post=2234"}],"version-history":[{"count":5,"href":"https:\/\/www.personasdiscapacidad.es\/es\/wp-json\/wp\/v2\/pages\/2234\/revisions"}],"predecessor-version":[{"id":2239,"href":"https:\/\/www.personasdiscapacidad.es\/es\/wp-json\/wp\/v2\/pages\/2234\/revisions\/2239"}],"wp:attachment":[{"href":"https:\/\/www.personasdiscapacidad.es\/es\/wp-json\/wp\/v2\/media?parent=2234"}],"curies":[{"name":"wp","href":"https:\/\/api.w.org\/{rel}","templated":true}]}}