{"id":789,"date":"2019-10-10T15:46:33","date_gmt":"2019-10-10T13:46:33","guid":{"rendered":"https:\/\/www.personasdiscapacidad.es\/?page_id=789"},"modified":"2019-10-10T15:49:40","modified_gmt":"2019-10-10T13:49:40","slug":"destinatarios-y-criterios","status":"publish","type":"page","link":"https:\/\/www.personasdiscapacidad.es\/es\/destinatarios-y-criterios\/","title":{"rendered":"Destinatarios y criterios de acceso"},"content":{"rendered":"\n[et_pb_section fb_built=\u00bb1&#8243; admin_label=\u00bbCourses Hero\u00bb _builder_version=\u00bb3.26.6&#8243; background_color=\u00bb#00aaaa\u00bb background_image=\u00bb\/wp-content\/uploads\/2019\/09\/coding-background-texture.jpg\u00bb background_blend=\u00bboverlay\u00bb custom_padding=\u00bb70px|0px|130px|0px|false|false\u00bb animation_style=\u00bbslide\u00bb animation_direction=\u00bbtop\u00bb animation_intensity_slide=\u00bb2%\u00bb locked=\u00bboff\u00bb][et_pb_row _builder_version=\u00bb3.25&#8243; background_size=\u00bbinitial\u00bb background_position=\u00bbtop_left\u00bb background_repeat=\u00bbrepeat\u00bb custom_margin=\u00bb|||\u00bb custom_width_px=\u00bb1280px\u00bb][et_pb_column type=\u00bb4_4&#8243; _builder_version=\u00bb3.25&#8243; custom_padding=\u00bb|||\u00bb custom_padding__hover=\u00bb|||\u00bb][et_pb_text _builder_version=\u00bb3.26.6&#8243; header_font=\u00bb|on|||\u00bb header_font_size=\u00bb42px\u00bb header_line_height=\u00bb1.3em\u00bb background_size=\u00bbinitial\u00bb background_position=\u00bbtop_left\u00bb background_repeat=\u00bbrepeat\u00bb text_orientation=\u00bbcenter\u00bb background_layout=\u00bbdark\u00bb max_width=\u00bb530px\u00bb module_alignment=\u00bbcenter\u00bb custom_padding=\u00bb|||\u00bb header_font_size_last_edited=\u00bbon|desktop\u00bb locked=\u00bboff\u00bb]<h1>Destinatarios y criterios de acceso<\/h1>\n[\/et_pb_text][\/et_pb_column][\/et_pb_row][\/et_pb_section][et_pb_section fb_built=\u00bb1&#8243; admin_label=\u00bbCourses\u00bb _builder_version=\u00bb3.22&#8243; custom_padding=\u00bb0px|0px|100px|0px\u00bb custom_margin=\u00bb-105px|||||\u00bb min_height=\u00bb622px\u00bb][et_pb_row _builder_version=\u00bb3.26.6&#8243; min_height=\u00bb104px\u00bb][et_pb_column type=\u00bb4_4&#8243; _builder_version=\u00bb3.26.6&#8243;][\/et_pb_column][\/et_pb_row][et_pb_row _builder_version=\u00bb3.26.6&#8243; background_size=\u00bbinitial\u00bb background_position=\u00bbtop_left\u00bb background_repeat=\u00bbrepeat\u00bb custom_margin=\u00bb50px|420px||auto|false|false\u00bb custom_padding=\u00bb0px|0px|27px|0px\u00bb][et_pb_column type=\u00bb4_4&#8243; _builder_version=\u00bb3.25&#8243; custom_padding=\u00bb|||\u00bb custom_padding__hover=\u00bb|||\u00bb][et_pb_blurb url=\u00bb#\u00bb use_icon=\u00bbon\u00bb content_max_width=\u00bb1100px\u00bb _builder_version=\u00bb3.26.6&#8243; header_font=\u00bb|on|||\u00bb header_text_color=\u00bb#2e2545&#8243; header_line_height=\u00bb1.5em\u00bb body_text_color=\u00bb#424242&#8243; body_font_size=\u00bb16px\u00bb body_line_height=\u00bb1.5em\u00bb background_color=\u00bb#ffffff\u00bb background_size=\u00bbinitial\u00bb background_position=\u00bbtop_left\u00bb background_repeat=\u00bbrepeat\u00bb box_shadow_style=\u00bbpreset2&#8243; box_shadow_horizontal=\u00bb0px\u00bb box_shadow_vertical=\u00bb0px\u00bb box_shadow_blur=\u00bb60px\u00bb box_shadow_color=\u00bbrgba(71,74,182,0.12)\u00bb custom_margin=\u00bb-80px||10%||false|false\u00bb custom_padding=\u00bb30px|20px|30px|20px|false|false\u00bb animation_style=\u00bbzoom\u00bb animation_direction=\u00bbbottom\u00bb animation_intensity_zoom=\u00bb20%\u00bb animation_starting_opacity=\u00bb100%\u00bb locked=\u00bboff\u00bb]<p class=\"p1\"><span class=\"s1\"><b>Destinatarios:<\/b><br \/> Graduados en el campo de las ciencias sociales: Trabajo Social, Educaci\u00f3n Social, Psicolog\u00eda, Sociolog\u00eda, Pedagog\u00eda y otros campos que tengan vinculaci\u00f3n con el \u00e1mbito de la discapacidad..<\/span><\/p>\n<p class=\"p1\"><span class=\"s1\"><b>Acceso para no titulados:<\/b><br \/> Este curso prev\u00e9 la posibilidad de admitir alumnos que no son titulados universitarios y que optar\u00e1n a la obtenci\u00f3n de un t\u00edtulo de extensi\u00f3n universitaria.<span class=\"Apple-converted-space\">\u00a0 <\/span><\/span><span class=\"s2\">En este caso <\/span><span class=\"s3\">el\/la candidato\/a deber\u00e1 adjuntar el curr\u00cdculum vitae y su expediente acad\u00e9mico, incluido tambi\u00e9n\u00a0 una carta de motivaci\u00f3n sobre su inter\u00e9s para realizar esta formaci\u00f3n<\/span><span class=\"s4\">.<\/span><\/p>\n<p class=\"p1\"><span class=\"s1\"><b>Nota de inter\u00e9s<\/b><\/span><\/p>\n<p class=\"p1\"><span class=\"s1\">En el supuesto de que el n\u00famero de solicitudes supere el n\u00famero de plazas ofertadas, la comisi\u00f3n de coordinaci\u00f3n del postgrado priorizar\u00e1 las solicitudes de acuerdo con los <b>criterios\u00a0de m\u00e9rito, capacidad y circunstancias<\/b> de las personas solicitantes\u00a0y elaborar\u00e1 las resoluciones de admisi\u00f3n y las listas de espera<\/span><\/p>[\/et_pb_blurb][\/et_pb_column][\/et_pb_row][\/et_pb_section][et_pb_section fb_built=\u00bb1&#8243; admin_label=\u00bbFooter\u00bb _builder_version=\u00bb3.26.6&#8243; background_color=\u00bb#00aaaa\u00bb custom_padding=\u00bb0px|0px|100px|0px\u00bb animation_style=\u00bbzoom\u00bb animation_direction=\u00bbbottom\u00bb animation_intensity_zoom=\u00bb6%\u00bb animation_starting_opacity=\u00bb100%\u00bb global_module=\u00bb593&#8243; saved_tabs=\u00bball\u00bb locked=\u00bboff\u00bb][et_pb_row use_custom_gutter=\u00bbon\u00bb gutter_width=\u00bb2&#8243; _builder_version=\u00bb3.26.6&#8243; background_size=\u00bbinitial\u00bb background_position=\u00bbtop_left\u00bb background_repeat=\u00bbrepeat\u00bb custom_margin=\u00bb0px||||false|false\u00bb custom_padding=\u00bb70px||||false|false\u00bb][et_pb_column type=\u00bb4_4&#8243; _builder_version=\u00bb3.25&#8243; custom_padding=\u00bb|||\u00bb custom_padding__hover=\u00bb|||\u00bb][et_pb_text _builder_version=\u00bb3.26.6&#8243; text_text_color=\u00bb#8585bd\u00bb text_font_size=\u00bb22px\u00bb text_line_height=\u00bb1.9em\u00bb header_2_font=\u00bbNoticia Text|700|||||||\u00bb header_2_text_color=\u00bb#ffffff\u00bb background_size=\u00bbinitial\u00bb background_position=\u00bbtop_left\u00bb background_repeat=\u00bbrepeat\u00bb animation_style=\u00bbfade\u00bb locked=\u00bboff\u00bb]<h2 style=\"text-align: center;\">Contacto<\/h2>[\/et_pb_text][\/et_pb_column][\/et_pb_row][et_pb_row column_structure=\u00bb1_3,1_3,1_3&#8243; use_custom_gutter=\u00bbon\u00bb gutter_width=\u00bb2&#8243; _builder_version=\u00bb3.26.6&#8243; background_size=\u00bbinitial\u00bb background_position=\u00bbtop_left\u00bb background_repeat=\u00bbrepeat\u00bb custom_margin=\u00bb-50px||||false|false\u00bb custom_padding=\u00bb70px||||false|false\u00bb][et_pb_column type=\u00bb1_3&#8243; _builder_version=\u00bb3.25&#8243; custom_padding=\u00bb|||\u00bb custom_padding__hover=\u00bb|||\u00bb][et_pb_blurb title=\u00bbTr\u00e1mites de los estudios de los M\u00e1sters y posgrados propios\u00bb use_icon=\u00bbon\u00bb font_icon=\u00bb%%72%%\u00bb icon_color=\u00bb#ffffff\u00bb use_circle=\u00bbon\u00bb circle_color=\u00bbrgba(0,0,0,0)\u00bb use_circle_border=\u00bbon\u00bb circle_border_color=\u00bb#ffffff\u00bb use_icon_font_size=\u00bbon\u00bb icon_font_size=\u00bb32px\u00bb _builder_version=\u00bb3.26.6&#8243; header_text_align=\u00bbcenter\u00bb header_text_color=\u00bb#ffffff\u00bb body_text_align=\u00bbcenter\u00bb body_text_color=\u00bb#ffffff\u00bb body_line_height=\u00bb1.5em\u00bb background_layout=\u00bbdark\u00bb]<p style=\"text-align: center;\"><span style=\"color: #ffffff;\"><strong><\/strong><\/span><\/p>\n<p style=\"text-align: center;\"><span style=\"color: #ffffff;\"><strong><a href=\"mailto:postgraus.educacio@ub.edu\" style=\"color: #ffffff;\">postgraus.educacio@ub.edu<\/a><\/strong><\/span><\/p>\n<p style=\"text-align: center;\"><strong>Campus Mundet<\/strong><br \/> Passeig de la Vall d&#8217;Hebron,<br \/> 171 08035, Barcelona<br \/> <span style=\"color: #ffffff;\"> 93 403 44 56<\/span><\/p>[\/et_pb_blurb][\/et_pb_column][et_pb_column type=\u00bb1_3&#8243; _builder_version=\u00bb3.25&#8243; custom_padding=\u00bb|||\u00bb custom_padding__hover=\u00bb|||\u00bb][et_pb_blurb title=\u00bbDirecci\u00f3n y cordinaci\u00f3n\u00bb use_icon=\u00bbon\u00bb font_icon=\u00bb%%73%%\u00bb icon_color=\u00bb#ffffff\u00bb use_circle=\u00bbon\u00bb circle_color=\u00bbrgba(0,0,0,0)\u00bb use_circle_border=\u00bbon\u00bb circle_border_color=\u00bb#ffffff\u00bb use_icon_font_size=\u00bbon\u00bb icon_font_size=\u00bb32px\u00bb _builder_version=\u00bb3.26.6&#8243; header_text_align=\u00bbcenter\u00bb header_text_color=\u00bb#ffffff\u00bb body_text_align=\u00bbcenter\u00bb body_line_height=\u00bb1.5em\u00bb background_layout=\u00bbdark\u00bb]<p style=\"text-align: center;\">M. Virginia Matulic Domandzic<br \/> <span style=\"color: #ffffff;\"><strong><a href=\"mailto:mmatulic@ub.edu \" style=\"color: #ffffff;\">mmatulic@ub.edu <\/a><\/strong><\/span><\/p>\n<p style=\"text-align: center;\">Irene de Vicente Zueras<br \/> <strong><span style=\"color: #ffffff;\"><a href=\"mailto:ide_vicente@ub.edu \" style=\"color: #ffffff;\">ide_vicente@ub.edu <\/a><\/span><\/strong><\/p>\n<p style=\"text-align: center;\">M. Pilar Diaz Lopez<br \/> <strong><span style=\"color: #ffffff;\"><a href=\"mailto:mpdiazlopez@ub.edu \" style=\"color: #ffffff;\">mpdiazlopez@ub.edu <\/a><\/span><\/strong><\/p>\n<p style=\"text-align: center;\">M\u00aa dels \u00c0ngels Renom i Sotorra<br \/> <strong><span style=\"color: #ffffff;\"><a href=\"mailto:mrenom@ub.edu\" style=\"color: #ffffff;\">mrenom@ub.edu<\/a><\/span><\/strong><\/p>[\/et_pb_blurb][\/et_pb_column][et_pb_column type=\u00bb1_3&#8243; _builder_version=\u00bb3.25&#8243; custom_padding=\u00bb|||\u00bb custom_padding__hover=\u00bb|||\u00bb][et_pb_blurb title=\u00bbOficina de informaci\u00f3n y atenci\u00f3n al estudiante\u00bb use_icon=\u00bbon\u00bb font_icon=\u00bb%%132%%\u00bb icon_color=\u00bb#ffffff\u00bb use_circle=\u00bbon\u00bb circle_color=\u00bbrgba(0,0,0,0)\u00bb use_circle_border=\u00bbon\u00bb circle_border_color=\u00bb#ffffff\u00bb use_icon_font_size=\u00bbon\u00bb icon_font_size=\u00bb32px\u00bb _builder_version=\u00bb3.26.6&#8243; header_text_align=\u00bbcenter\u00bb header_text_color=\u00bb#ffffff\u00bb body_text_align=\u00bbcenter\u00bb body_line_height=\u00bb1.5em\u00bb background_layout=\u00bbdark\u00bb]<p style=\"text-align: center;\">Secretaria de Estudiantes y Doc\u00e9ncia 3\u00aa planta, Edificio Migdia I<br \/> <strong><\/strong><\/p>[\/et_pb_blurb][\/et_pb_column][\/et_pb_row][\/et_pb_section]\n","protected":false},"excerpt":{"rendered":"<p>Destinatarios y criterios de acceso Destinatarios: Graduados en el campo de las ciencias sociales: Trabajo Social, Educaci\u00f3n Social, Psicolog\u00eda, Sociolog\u00eda, Pedagog\u00eda y otros campos que tengan vinculaci\u00f3n con el \u00e1mbito [&hellip;]<\/p>\n","protected":false},"author":1,"featured_media":0,"parent":0,"menu_order":0,"comment_status":"closed","ping_status":"closed","template":"","meta":{"_et_pb_use_builder":"on","_et_pb_old_content":"","_et_gb_content_width":"","inline_featured_image":false,"footnotes":""},"yoast_head":"<!-- This site is optimized with the Yoast SEO plugin v22.8 - https:\/\/yoast.com\/wordpress\/plugins\/seo\/ -->\n<title>Destinatarios y criterios de acceso - Postgrado Personas con Discapacidad<\/title>\n<meta name=\"robots\" content=\"index, follow, max-snippet:-1, max-image-preview:large, max-video-preview:-1\" \/>\n<link rel=\"canonical\" href=\"https:\/\/www.personasdiscapacidad.es\/es\/destinatarios-y-criterios\/\" \/>\n<meta property=\"og:locale\" content=\"es_ES\" \/>\n<meta property=\"og:type\" content=\"article\" \/>\n<meta property=\"og:title\" content=\"Destinatarios y criterios de acceso - Postgrado Personas con Discapacidad\" \/>\n<meta property=\"og:description\" content=\"Destinatarios y criterios de acceso Destinatarios: Graduados en el campo de las ciencias sociales: Trabajo Social, Educaci\u00f3n Social, Psicolog\u00eda, Sociolog\u00eda, Pedagog\u00eda y otros campos que tengan vinculaci\u00f3n con el \u00e1mbito [&hellip;]\" \/>\n<meta property=\"og:url\" content=\"https:\/\/www.personasdiscapacidad.es\/es\/destinatarios-y-criterios\/\" \/>\n<meta property=\"og:site_name\" content=\"Postgrado Personas con Discapacidad\" \/>\n<meta property=\"article:modified_time\" content=\"2019-10-10T13:49:40+00:00\" \/>\n<meta name=\"twitter:card\" content=\"summary_large_image\" \/>\n<meta name=\"twitter:label1\" content=\"Tiempo de lectura\" \/>\n\t<meta name=\"twitter:data1\" content=\"5 minutos\" \/>\n<script type=\"application\/ld+json\" class=\"yoast-schema-graph\">{\"@context\":\"https:\/\/schema.org\",\"@graph\":[{\"@type\":\"WebPage\",\"@id\":\"https:\/\/www.personasdiscapacidad.es\/es\/destinatarios-y-criterios\/\",\"url\":\"https:\/\/www.personasdiscapacidad.es\/es\/destinatarios-y-criterios\/\",\"name\":\"Destinatarios y criterios de acceso - Postgrado Personas con Discapacidad\",\"isPartOf\":{\"@id\":\"https:\/\/www.personasdiscapacidad.es\/es\/#website\"},\"datePublished\":\"2019-10-10T13:46:33+00:00\",\"dateModified\":\"2019-10-10T13:49:40+00:00\",\"breadcrumb\":{\"@id\":\"https:\/\/www.personasdiscapacidad.es\/es\/destinatarios-y-criterios\/#breadcrumb\"},\"inLanguage\":\"es\",\"potentialAction\":[{\"@type\":\"ReadAction\",\"target\":[\"https:\/\/www.personasdiscapacidad.es\/es\/destinatarios-y-criterios\/\"]}]},{\"@type\":\"BreadcrumbList\",\"@id\":\"https:\/\/www.personasdiscapacidad.es\/es\/destinatarios-y-criterios\/#breadcrumb\",\"itemListElement\":[{\"@type\":\"ListItem\",\"position\":1,\"name\":\"Portada\",\"item\":\"https:\/\/www.personasdiscapacidad.es\/es\/\"},{\"@type\":\"ListItem\",\"position\":2,\"name\":\"Destinatarios y criterios de acceso\"}]},{\"@type\":\"WebSite\",\"@id\":\"https:\/\/www.personasdiscapacidad.es\/es\/#website\",\"url\":\"https:\/\/www.personasdiscapacidad.es\/es\/\",\"name\":\"Postgrado Personas con Discapacidad\",\"description\":\"Derechos sociales y cultura de las discapacidades\",\"potentialAction\":[{\"@type\":\"SearchAction\",\"target\":{\"@type\":\"EntryPoint\",\"urlTemplate\":\"https:\/\/www.personasdiscapacidad.es\/es\/?s={search_term_string}\"},\"query-input\":\"required name=search_term_string\"}],\"inLanguage\":\"es\"}]}<\/script>\n<!-- \/ Yoast SEO plugin. -->","yoast_head_json":{"title":"Destinatarios y criterios de acceso - Postgrado Personas con Discapacidad","robots":{"index":"index","follow":"follow","max-snippet":"max-snippet:-1","max-image-preview":"max-image-preview:large","max-video-preview":"max-video-preview:-1"},"canonical":"https:\/\/www.personasdiscapacidad.es\/es\/destinatarios-y-criterios\/","og_locale":"es_ES","og_type":"article","og_title":"Destinatarios y criterios de acceso - Postgrado Personas con Discapacidad","og_description":"Destinatarios y criterios de acceso Destinatarios: Graduados en el campo de las ciencias sociales: Trabajo Social, Educaci\u00f3n Social, Psicolog\u00eda, Sociolog\u00eda, Pedagog\u00eda y otros campos que tengan vinculaci\u00f3n con el \u00e1mbito [&hellip;]","og_url":"https:\/\/www.personasdiscapacidad.es\/es\/destinatarios-y-criterios\/","og_site_name":"Postgrado Personas con Discapacidad","article_modified_time":"2019-10-10T13:49:40+00:00","twitter_card":"summary_large_image","twitter_misc":{"Tiempo de lectura":"5 minutos"},"schema":{"@context":"https:\/\/schema.org","@graph":[{"@type":"WebPage","@id":"https:\/\/www.personasdiscapacidad.es\/es\/destinatarios-y-criterios\/","url":"https:\/\/www.personasdiscapacidad.es\/es\/destinatarios-y-criterios\/","name":"Destinatarios y criterios de acceso - Postgrado Personas con Discapacidad","isPartOf":{"@id":"https:\/\/www.personasdiscapacidad.es\/es\/#website"},"datePublished":"2019-10-10T13:46:33+00:00","dateModified":"2019-10-10T13:49:40+00:00","breadcrumb":{"@id":"https:\/\/www.personasdiscapacidad.es\/es\/destinatarios-y-criterios\/#breadcrumb"},"inLanguage":"es","potentialAction":[{"@type":"ReadAction","target":["https:\/\/www.personasdiscapacidad.es\/es\/destinatarios-y-criterios\/"]}]},{"@type":"BreadcrumbList","@id":"https:\/\/www.personasdiscapacidad.es\/es\/destinatarios-y-criterios\/#breadcrumb","itemListElement":[{"@type":"ListItem","position":1,"name":"Portada","item":"https:\/\/www.personasdiscapacidad.es\/es\/"},{"@type":"ListItem","position":2,"name":"Destinatarios y criterios de acceso"}]},{"@type":"WebSite","@id":"https:\/\/www.personasdiscapacidad.es\/es\/#website","url":"https:\/\/www.personasdiscapacidad.es\/es\/","name":"Postgrado Personas con Discapacidad","description":"Derechos sociales y cultura de las discapacidades","potentialAction":[{"@type":"SearchAction","target":{"@type":"EntryPoint","urlTemplate":"https:\/\/www.personasdiscapacidad.es\/es\/?s={search_term_string}"},"query-input":"required name=search_term_string"}],"inLanguage":"es"}]}},"_links":{"self":[{"href":"https:\/\/www.personasdiscapacidad.es\/es\/wp-json\/wp\/v2\/pages\/789"}],"collection":[{"href":"https:\/\/www.personasdiscapacidad.es\/es\/wp-json\/wp\/v2\/pages"}],"about":[{"href":"https:\/\/www.personasdiscapacidad.es\/es\/wp-json\/wp\/v2\/types\/page"}],"author":[{"embeddable":true,"href":"https:\/\/www.personasdiscapacidad.es\/es\/wp-json\/wp\/v2\/users\/1"}],"replies":[{"embeddable":true,"href":"https:\/\/www.personasdiscapacidad.es\/es\/wp-json\/wp\/v2\/comments?post=789"}],"version-history":[{"count":3,"href":"https:\/\/www.personasdiscapacidad.es\/es\/wp-json\/wp\/v2\/pages\/789\/revisions"}],"predecessor-version":[{"id":806,"href":"https:\/\/www.personasdiscapacidad.es\/es\/wp-json\/wp\/v2\/pages\/789\/revisions\/806"}],"wp:attachment":[{"href":"https:\/\/www.personasdiscapacidad.es\/es\/wp-json\/wp\/v2\/media?parent=789"}],"curies":[{"name":"wp","href":"https:\/\/api.w.org\/{rel}","templated":true}]}}